{"id":96,"date":"2015-04-09T16:28:18","date_gmt":"2015-04-09T14:28:18","guid":{"rendered":"http:\/\/www.albertocuadrado.es\/q\/?page_id=96"},"modified":"2015-04-09T16:32:46","modified_gmt":"2015-04-09T14:32:46","slug":"en-tu-movil","status":"publish","type":"page","link":"http:\/\/www.albertocuadrado.es\/q\/en-tu-movil\/","title":{"rendered":"En tu m\u00f3vil"},"content":{"rendered":"<p>\u00bfTienes WhatsApp? En serio, pregunto cada cosa&#8230;<\/p>\n<p>Pues eso, si me dejas tu mail o tel\u00e9fono, te hago llegar las entradas. No te enviar\u00e9 publi \u00bfqui\u00e9n iba a querer anunciarse aqu\u00ed? Tampoco te escribir\u00e9 el s\u00e1bado a las 4 am. A no ser que me des conversaci\u00f3n, claro.<\/p>\n<p>Si eres amigo o conocido y quieres que te env\u00ede las entradas, dime algo \ud83d\ude09<\/p>\n<div role=\"form\" class=\"wpcf7\" id=\"wpcf7-f97-o1\" lang=\"es-ES\" dir=\"ltr\">\n<div class=\"screen-reader-response\"><\/div>\n<form action=\"\/q\/wp-json\/wp\/v2\/pages\/96#wpcf7-f97-o1\" method=\"post\" class=\"wpcf7-form\" novalidate=\"novalidate\">\n<div style=\"display: none;\">\n<input type=\"hidden\" name=\"_wpcf7\" value=\"97\" \/>\n<input type=\"hidden\" name=\"_wpcf7_version\" value=\"5.0\" \/>\n<input type=\"hidden\" name=\"_wpcf7_locale\" value=\"es_ES\" \/>\n<input type=\"hidden\" name=\"_wpcf7_unit_tag\" value=\"wpcf7-f97-o1\" \/>\n<input type=\"hidden\" name=\"_wpcf7_container_post\" value=\"0\" \/>\n<\/div>\n<p>Tu nombre<br \/>\n    <span class=\"wpcf7-form-control-wrap your-name\"><input type=\"text\" name=\"your-name\" value=\"\" size=\"40\" class=\"wpcf7-form-control wpcf7-text wpcf7-validates-as-required\" aria-required=\"true\" aria-invalid=\"false\" \/><\/span> <\/p>\n<p>Deja aqu\u00ed tu n\u00famero o mail. Cuidar\u00e9 de \u00e9l \ud83d\ude42  <br \/>\n    <span class=\"wpcf7-form-control-wrap telf\"><input type=\"text\" name=\"telf\" value=\"\" size=\"40\" class=\"wpcf7-form-control wpcf7-text wpcf7-validates-as-required\" aria-required=\"true\" aria-invalid=\"false\" \/><\/span> <\/p>\n<p><input type=\"submit\" value=\"Enviar\" class=\"wpcf7-form-control wpcf7-submit\" \/><\/p>\n<p style=\"display: none !important;\"><label>&#916;<textarea name=\"_wpcf7_ak_hp_textarea\" cols=\"45\" rows=\"8\" maxlength=\"100\"><\/textarea><\/label><input type=\"hidden\" id=\"ak_js\" name=\"_wpcf7_ak_js\" value=\"143\"\/><script>document.getElementById( \"ak_js\" ).setAttribute( \"value\", ( new Date() ).getTime() );<\/script><\/p><div class=\"wpcf7-response-output wpcf7-display-none\"><\/div><\/form><\/div>\n","protected":false},"excerpt":{"rendered":"<p>\u00bfTienes WhatsApp? En serio, pregunto cada cosa&#8230; Pues eso, si me dejas tu mail o tel\u00e9fono, te hago llegar las entradas. No te enviar\u00e9 publi \u00bfqui\u00e9n iba a querer anunciarse aqu\u00ed? Tampoco te escribir\u00e9 el s\u00e1bado a las 4 am. A no ser que me des conversaci\u00f3n, claro. Si eres amigo o conocido y quieres &hellip; <a href=\"http:\/\/www.albertocuadrado.es\/q\/en-tu-movil\/\" class=\"more-link\">Contin\u00faa leyendo <span class=\"screen-reader-text\">En tu m\u00f3vil<\/span><\/a><\/p>\n","protected":false},"author":1,"featured_media":0,"parent":0,"menu_order":0,"comment_status":"open","ping_status":"open","template":"","meta":[],"_links":{"self":[{"href":"http:\/\/www.albertocuadrado.es\/q\/wp-json\/wp\/v2\/pages\/96"}],"collection":[{"href":"http:\/\/www.albertocuadrado.es\/q\/wp-json\/wp\/v2\/pages"}],"about":[{"href":"http:\/\/www.albertocuadrado.es\/q\/wp-json\/wp\/v2\/types\/page"}],"author":[{"embeddable":true,"href":"http:\/\/www.albertocuadrado.es\/q\/wp-json\/wp\/v2\/users\/1"}],"replies":[{"embeddable":true,"href":"http:\/\/www.albertocuadrado.es\/q\/wp-json\/wp\/v2\/comments?post=96"}],"version-history":[{"count":5,"href":"http:\/\/www.albertocuadrado.es\/q\/wp-json\/wp\/v2\/pages\/96\/revisions"}],"predecessor-version":[{"id":102,"href":"http:\/\/www.albertocuadrado.es\/q\/wp-json\/wp\/v2\/pages\/96\/revisions\/102"}],"wp:attachment":[{"href":"http:\/\/www.albertocuadrado.es\/q\/wp-json\/wp\/v2\/media?parent=96"}],"curies":[{"name":"wp","href":"https:\/\/api.w.org\/{rel}","templated":true}]}}